{"id":3426,"date":"2024-11-28T17:19:39","date_gmt":"2024-11-28T16:19:39","guid":{"rendered":"https:\/\/www.hotelsudbretagne.fr\/?page_id=3426"},"modified":"2025-10-31T15:10:33","modified_gmt":"2025-10-31T14:10:33","slug":"our-history","status":"publish","type":"page","link":"https:\/\/www.hotelsudbretagne.fr\/en\/notre-histoire\/","title":{"rendered":"Our history"},"content":{"rendered":"\t\t<div data-elementor-type=\"wp-page\" data-elementor-id=\"3426\" class=\"elementor elementor-3426\" data-elementor-post-type=\"page\">\n\t\t\t\t<div class=\"elementor-element elementor-element-617a052 e-con-full e-flex e-con e-parent\" data-id=\"617a052\" data-element_type=\"container\" data-e-type=\"container\" id=\"hero-section\" data-settings=\"{&quot;background_background&quot;:&quot;slideshow&quot;,&quot;background_slideshow_gallery&quot;:[{&quot;id&quot;:5691,&quot;url&quot;:&quot;https:\\\/\\\/www.hotelsudbretagne.fr\\\/wp-content\\\/uploads\\\/2025\\\/01\\\/Presentation-professionnel-marketing-sobre-elegant-minimaliste-blanc-noir.jpg&quot;}],&quot;background_slideshow_slide_duration&quot;:2000,&quot;background_slideshow_slide_transition&quot;:&quot;fade&quot;,&quot;background_slideshow_transition_duration&quot;:500}\">\n\t\t\t\t<div class=\"elementor-element elementor-element-e4161d0 elementor-widget elementor-widget-heading\" data-id=\"e4161d0\" data-element_type=\"widget\" data-e-type=\"widget\" data-widget_type=\"heading.default\">\n\t\t\t\t<div class=\"elementor-widget-container\">\n\t\t\t\t\t<h1 class=\"elementor-heading-title elementor-size-default\"><i>H\u00f4tel <\/i>en bord de mer \u00e0 la Baule<\/h1>\t\t\t\t<\/div>\n\t\t\t\t<\/div>\n\t\t\t\t<div class=\"elementor-element elementor-element-a3ec7a9 elementor-widget__width-auto elementor-absolute e-transform elementor-view-default elementor-widget elementor-widget-icon\" data-id=\"a3ec7a9\" data-element_type=\"widget\" data-e-type=\"widget\" data-settings=\"{&quot;_position&quot;:&quot;absolute&quot;,&quot;_transform_rotateZ_effect&quot;:{&quot;unit&quot;:&quot;px&quot;,&quot;size&quot;:90,&quot;sizes&quot;:[]},&quot;_transform_rotateZ_effect_tablet&quot;:{&quot;unit&quot;:&quot;deg&quot;,&quot;size&quot;:&quot;&quot;,&quot;sizes&quot;:[]},&quot;_transform_rotateZ_effect_mobile&quot;:{&quot;unit&quot;:&quot;deg&quot;,&quot;size&quot;:&quot;&quot;,&quot;sizes&quot;:[]}}\" data-widget_type=\"icon.default\">\n\t\t\t\t<div class=\"elementor-widget-container\">\n\t\t\t\t\t\t\t<div class=\"elementor-icon-wrapper\">\n\t\t\t<a class=\"elementor-icon\" href=\"#first-content\">\n\t\t\t<i aria-hidden=\"true\" class=\"eliofont eliofont-arrow-right\"><\/i>\t\t\t<\/a>\n\t\t<\/div>\n\t\t\t\t\t\t<\/div>\n\t\t\t\t<\/div>\n\t\t\t\t<\/div>\n\t\t<div class=\"elementor-element elementor-element-2d1ef7d e-flex e-con-boxed e-con e-parent\" data-id=\"2d1ef7d\" data-element_type=\"container\" data-e-type=\"container\" id=\"first-content\" data-settings=\"{&quot;background_background&quot;:&quot;classic&quot;}\">\n\t\t\t\t\t<div class=\"e-con-inner\">\n\t\t<div class=\"elementor-element elementor-element-b2d2e7b animated-slow e-con-full e-flex elementor-invisible e-con e-child\" data-id=\"b2d2e7b\" data-element_type=\"container\" data-e-type=\"container\" data-settings=\"{&quot;animation&quot;:&quot;fadeIn&quot;,&quot;animation_delay&quot;:400}\">\n\t\t\t\t<div class=\"elementor-element elementor-element-99d4bd7 elementor-widget elementor-widget-image\" data-id=\"99d4bd7\" data-element_type=\"widget\" data-e-type=\"widget\" data-widget_type=\"image.default\">\n\t\t\t\t<div class=\"elementor-widget-container\">\n\t\t\t\t\t\t\t\t\t\t\t\t\t\t\t<img fetchpriority=\"high\" decoding=\"async\" width=\"800\" height=\"378\" src=\"https:\/\/www.hotelsudbretagne.fr\/wp-content\/uploads\/2024\/12\/Estampille2_HotelSB_1880.png\" class=\"attachment-large size-large wp-image-3485\" alt=\"\" srcset=\"https:\/\/www.hotelsudbretagne.fr\/wp-content\/uploads\/2024\/12\/Estampille2_HotelSB_1880.png 879w, https:\/\/www.hotelsudbretagne.fr\/wp-content\/uploads\/2024\/12\/Estampille2_HotelSB_1880-300x142.png 300w, https:\/\/www.hotelsudbretagne.fr\/wp-content\/uploads\/2024\/12\/Estampille2_HotelSB_1880-768x363.png 768w, https:\/\/www.hotelsudbretagne.fr\/wp-content\/uploads\/2024\/12\/Estampille2_HotelSB_1880-18x8.png 18w\" sizes=\"(max-width: 800px) 100vw, 800px\" title=\"\">\t\t\t\t\t\t\t\t\t\t\t\t\t\t\t<\/div>\n\t\t\t\t<\/div>\n\t\t\t\t<div class=\"elementor-element elementor-element-b398dc8 elementor-widget elementor-widget-heading\" data-id=\"b398dc8\" data-element_type=\"widget\" data-e-type=\"widget\" data-widget_type=\"heading.default\">\n\t\t\t\t<div class=\"elementor-widget-container\">\n\t\t\t\t\t<h2 class=\"elementor-heading-title elementor-size-default\">L\u2019histoire <i>atypique<\/i> de l\u2019h\u00f4tel \n<br>le plus vieux de Pornichet<\/h2>\t\t\t\t<\/div>\n\t\t\t\t<\/div>\n\t\t<div class=\"elementor-element elementor-element-c1cce34 e-con-full e-flex e-con e-child\" data-id=\"c1cce34\" data-element_type=\"container\" data-e-type=\"container\">\n\t\t\t\t<div class=\"elementor-element elementor-element-f92e176 elementor-widget-divider--view-line_text elementor-widget-divider--element-align-center elementor-widget elementor-widget-divider\" data-id=\"f92e176\" data-element_type=\"widget\" data-e-type=\"widget\" data-widget_type=\"divider.default\">\n\t\t\t\t<div class=\"elementor-widget-container\">\n\t\t\t\t\t\t\t<div class=\"elementor-divider\">\n\t\t\t<span class=\"elementor-divider-separator\">\n\t\t\t\t\t\t\t<span class=\"elementor-divider__text elementor-divider__element\">\n\t\t\t\t1880\t\t\t\t<\/span>\n\t\t\t\t\t\t<\/span>\n\t\t<\/div>\n\t\t\t\t\t\t<\/div>\n\t\t\t\t<\/div>\n\t\t\t\t<\/div>\n\t\t\t\t<div class=\"elementor-element elementor-element-424c5e5 elementor-widget elementor-widget-image\" data-id=\"424c5e5\" data-element_type=\"widget\" data-e-type=\"widget\" data-widget_type=\"image.default\">\n\t\t\t\t<div class=\"elementor-widget-container\">\n\t\t\t\t\t\t\t\t\t\t\t\t\t\t\t<img decoding=\"async\" width=\"330\" height=\"339\" src=\"https:\/\/www.hotelsudbretagne.fr\/wp-content\/uploads\/2024\/12\/Icone_Chambres.png\" class=\"attachment-large size-large wp-image-3497\" alt=\"\" srcset=\"https:\/\/www.hotelsudbretagne.fr\/wp-content\/uploads\/2024\/12\/Icone_Chambres.png 330w, https:\/\/www.hotelsudbretagne.fr\/wp-content\/uploads\/2024\/12\/Icone_Chambres-292x300.png 292w, https:\/\/www.hotelsudbretagne.fr\/wp-content\/uploads\/2024\/12\/Icone_Chambres-12x12.png 12w\" sizes=\"(max-width: 330px) 100vw, 330px\" title=\"\">\t\t\t\t\t\t\t\t\t\t\t\t\t\t\t<\/div>\n\t\t\t\t<\/div>\n\t\t\t\t<div class=\"elementor-element elementor-element-c821299 elementor-widget elementor-widget-text-editor\" data-id=\"c821299\" data-element_type=\"widget\" data-e-type=\"widget\" data-widget_type=\"text-editor.default\">\n\t\t\t\t<div class=\"elementor-widget-container\">\n\t\t\t\t\t\t\t\t\t<h5>En 1880, <i>l\u2019h\u00f4tel des Etrangers <\/i>voit le jour. Avec des propri\u00e9taires diff\u00e9rents \u00e0 sa t\u00eate, au fil des ann\u00e9es, cet h\u00f4tel pr\u00e8s du bord de mer et de la Baule, va s\u2019agrandir permettant de recevoir une client\u00e8le toujours plus importante.<\/h5>\t\t\t\t\t\t\t\t<\/div>\n\t\t\t\t<\/div>\n\t\t<div class=\"elementor-element elementor-element-8c5d22a e-con-full e-flex e-con e-child\" data-id=\"8c5d22a\" data-element_type=\"container\" data-e-type=\"container\">\n\t\t\t\t<div class=\"elementor-element elementor-element-6c97588 elementor-widget elementor-widget-image\" data-id=\"6c97588\" data-element_type=\"widget\" data-e-type=\"widget\" data-widget_type=\"image.default\">\n\t\t\t\t<div class=\"elementor-widget-container\">\n\t\t\t\t\t\t\t\t\t\t\t\t\t\t\t<img decoding=\"async\" width=\"353\" height=\"403\" src=\"https:\/\/www.hotelsudbretagne.fr\/wp-content\/uploads\/2024\/12\/Icone_AccueilHotel.png\" class=\"attachment-large size-large wp-image-3495\" alt=\"\" srcset=\"https:\/\/www.hotelsudbretagne.fr\/wp-content\/uploads\/2024\/12\/Icone_AccueilHotel.png 353w, https:\/\/www.hotelsudbretagne.fr\/wp-content\/uploads\/2024\/12\/Icone_AccueilHotel-263x300.png 263w, https:\/\/www.hotelsudbretagne.fr\/wp-content\/uploads\/2024\/12\/Icone_AccueilHotel-11x12.png 11w\" sizes=\"(max-width: 353px) 100vw, 353px\" title=\"\">\t\t\t\t\t\t\t\t\t\t\t\t\t\t\t<\/div>\n\t\t\t\t<\/div>\n\t\t\t\t<div class=\"elementor-element elementor-element-fa8069f elementor-widget elementor-widget-text-editor\" data-id=\"fa8069f\" data-element_type=\"widget\" data-e-type=\"widget\" data-widget_type=\"text-editor.default\">\n\t\t\t\t<div class=\"elementor-widget-container\">\n\t\t\t\t\t\t\t\t\t<h5>La famille <i>Bardouil <\/i>devient propri\u00e9taire et l\u2019aventure se poursuivra un si<em>\u00e8cle<\/em>, de g\u00e9n\u00e9ration en g\u00e9n\u00e9ration.<\/h5>\t\t\t\t\t\t\t\t<\/div>\n\t\t\t\t<\/div>\n\t\t\t\t<div class=\"elementor-element elementor-element-0203851 elementor-widget-divider--view-line_text elementor-widget-divider--element-align-center elementor-widget elementor-widget-divider\" data-id=\"0203851\" data-element_type=\"widget\" data-e-type=\"widget\" data-widget_type=\"divider.default\">\n\t\t\t\t<div class=\"elementor-widget-container\">\n\t\t\t\t\t\t\t<div class=\"elementor-divider\">\n\t\t\t<span class=\"elementor-divider-separator\">\n\t\t\t\t\t\t\t<span class=\"elementor-divider__text elementor-divider__element\">\n\t\t\t\t1920\t\t\t\t<\/span>\n\t\t\t\t\t\t<\/span>\n\t\t<\/div>\n\t\t\t\t\t\t<\/div>\n\t\t\t\t<\/div>\n\t\t\t\t<\/div>\n\t\t<div class=\"elementor-element elementor-element-6e8c0fb e-con-full e-flex e-con e-child\" data-id=\"6e8c0fb\" data-element_type=\"container\" data-e-type=\"container\">\n\t\t\t\t<div class=\"elementor-element elementor-element-6c576b3 elementor-widget-divider--view-line_text elementor-widget-divider--element-align-center elementor-widget elementor-widget-divider\" data-id=\"6c576b3\" data-element_type=\"widget\" data-e-type=\"widget\" data-widget_type=\"divider.default\">\n\t\t\t\t<div class=\"elementor-widget-container\">\n\t\t\t\t\t\t\t<div class=\"elementor-divider\">\n\t\t\t<span class=\"elementor-divider-separator\">\n\t\t\t\t\t\t\t<span class=\"elementor-divider__text elementor-divider__element\">\n\t\t\t\t1944\t\t\t\t<\/span>\n\t\t\t\t\t\t<\/span>\n\t\t<\/div>\n\t\t\t\t\t\t<\/div>\n\t\t\t\t<\/div>\n\t\t\t\t<div class=\"elementor-element elementor-element-9fa0014 elementor-widget elementor-widget-image\" data-id=\"9fa0014\" data-element_type=\"widget\" data-e-type=\"widget\" data-widget_type=\"image.default\">\n\t\t\t\t<div class=\"elementor-widget-container\">\n\t\t\t\t\t\t\t\t\t\t\t\t\t\t\t<img loading=\"lazy\" decoding=\"async\" width=\"800\" height=\"800\" src=\"https:\/\/www.hotelsudbretagne.fr\/wp-content\/uploads\/2024\/12\/Design-sans-titre-14.png\" class=\"attachment-large size-large wp-image-5257\" alt=\"\" srcset=\"https:\/\/www.hotelsudbretagne.fr\/wp-content\/uploads\/2024\/12\/Design-sans-titre-14.png 1024w, https:\/\/www.hotelsudbretagne.fr\/wp-content\/uploads\/2024\/12\/Design-sans-titre-14-300x300.png 300w, https:\/\/www.hotelsudbretagne.fr\/wp-content\/uploads\/2024\/12\/Design-sans-titre-14-150x150.png 150w, https:\/\/www.hotelsudbretagne.fr\/wp-content\/uploads\/2024\/12\/Design-sans-titre-14-768x768.png 768w, https:\/\/www.hotelsudbretagne.fr\/wp-content\/uploads\/2024\/12\/Design-sans-titre-14-12x12.png 12w\" sizes=\"(max-width: 800px) 100vw, 800px\" title=\"\">\t\t\t\t\t\t\t\t\t\t\t\t\t\t\t<\/div>\n\t\t\t\t<\/div>\n\t\t\t\t<div class=\"elementor-element elementor-element-3e054f9 elementor-widget elementor-widget-text-editor\" data-id=\"3e054f9\" data-element_type=\"widget\" data-e-type=\"widget\" data-widget_type=\"text-editor.default\">\n\t\t\t\t<div class=\"elementor-widget-container\">\n\t\t\t\t\t\t\t\t\t<h5><em>R\u00e9quisition<\/em> de l\u2019h\u00f4tel pendant la guerre par les Allemands. Durant cette p\u00e9riode les h\u00f4teliers de la famille <em>Bardouil<\/em> se devaient de s\u2019occuper de ses h\u00f4tes.<\/h5>\t\t\t\t\t\t\t\t<\/div>\n\t\t\t\t<\/div>\n\t\t\t\t<\/div>\n\t\t<div class=\"elementor-element elementor-element-4ae7700 e-con-full e-flex e-con e-child\" data-id=\"4ae7700\" data-element_type=\"container\" data-e-type=\"container\">\n\t\t\t\t<div class=\"elementor-element elementor-element-6f01f72 elementor-widget elementor-widget-image\" data-id=\"6f01f72\" data-element_type=\"widget\" data-e-type=\"widget\" data-widget_type=\"image.default\">\n\t\t\t\t<div class=\"elementor-widget-container\">\n\t\t\t\t\t\t\t\t\t\t\t\t\t\t\t<img loading=\"lazy\" decoding=\"async\" width=\"800\" height=\"800\" src=\"https:\/\/www.hotelsudbretagne.fr\/wp-content\/uploads\/2024\/12\/Design-sans-titre-13.png\" class=\"attachment-large size-large wp-image-5256\" alt=\"\" srcset=\"https:\/\/www.hotelsudbretagne.fr\/wp-content\/uploads\/2024\/12\/Design-sans-titre-13.png 1024w, https:\/\/www.hotelsudbretagne.fr\/wp-content\/uploads\/2024\/12\/Design-sans-titre-13-300x300.png 300w, https:\/\/www.hotelsudbretagne.fr\/wp-content\/uploads\/2024\/12\/Design-sans-titre-13-150x150.png 150w, https:\/\/www.hotelsudbretagne.fr\/wp-content\/uploads\/2024\/12\/Design-sans-titre-13-768x768.png 768w, https:\/\/www.hotelsudbretagne.fr\/wp-content\/uploads\/2024\/12\/Design-sans-titre-13-12x12.png 12w\" sizes=\"(max-width: 800px) 100vw, 800px\" title=\"\">\t\t\t\t\t\t\t\t\t\t\t\t\t\t\t<\/div>\n\t\t\t\t<\/div>\n\t\t\t\t<div class=\"elementor-element elementor-element-96958f6 elementor-widget-divider--view-line_text elementor-widget-divider--element-align-center elementor-widget elementor-widget-divider\" data-id=\"96958f6\" data-element_type=\"widget\" data-e-type=\"widget\" data-widget_type=\"divider.default\">\n\t\t\t\t<div class=\"elementor-widget-container\">\n\t\t\t\t\t\t\t<div class=\"elementor-divider\">\n\t\t\t<span class=\"elementor-divider-separator\">\n\t\t\t\t\t\t\t<span class=\"elementor-divider__text elementor-divider__element\">\n\t\t\t\t1966\t\t\t\t<\/span>\n\t\t\t\t\t\t<\/span>\n\t\t<\/div>\n\t\t\t\t\t\t<\/div>\n\t\t\t\t<\/div>\n\t\t\t\t<div class=\"elementor-element elementor-element-52aa8b5 elementor-widget elementor-widget-text-editor\" data-id=\"52aa8b5\" data-element_type=\"widget\" data-e-type=\"widget\" data-widget_type=\"text-editor.default\">\n\t\t\t\t<div class=\"elementor-widget-container\">\n\t\t\t\t\t\t\t\t\t<h5>Arrive la cr\u00e9ation du nom<em> H\u00f4tel Sud Bretagne<\/em>\u00a0avec des travaux et modifications. A cette \u00e9poque, l\u2019h\u00f4tel se composait de 47 chambres avec une douche, baignoire et un WC par \u00e9tage.<\/h5>\t\t\t\t\t\t\t\t<\/div>\n\t\t\t\t<\/div>\n\t\t\t\t<\/div>\n\t\t<div class=\"elementor-element elementor-element-17d2154 e-con-full e-flex e-con e-child\" data-id=\"17d2154\" data-element_type=\"container\" data-e-type=\"container\">\n\t\t\t\t<div class=\"elementor-element elementor-element-24d98ee elementor-widget-divider--view-line_text elementor-widget-divider--element-align-center elementor-widget elementor-widget-divider\" data-id=\"24d98ee\" data-element_type=\"widget\" data-e-type=\"widget\" data-widget_type=\"divider.default\">\n\t\t\t\t<div class=\"elementor-widget-container\">\n\t\t\t\t\t\t\t<div class=\"elementor-divider\">\n\t\t\t<span class=\"elementor-divider-separator\">\n\t\t\t\t\t\t\t<span class=\"elementor-divider__text elementor-divider__element\">\n\t\t\t\t2022\t\t\t\t<\/span>\n\t\t\t\t\t\t<\/span>\n\t\t<\/div>\n\t\t\t\t\t\t<\/div>\n\t\t\t\t<\/div>\n\t\t\t\t<div class=\"elementor-element elementor-element-5f1b569 elementor-widget elementor-widget-image\" data-id=\"5f1b569\" data-element_type=\"widget\" data-e-type=\"widget\" data-widget_type=\"image.default\">\n\t\t\t\t<div class=\"elementor-widget-container\">\n\t\t\t\t\t\t\t\t\t\t\t\t\t\t\t<img loading=\"lazy\" decoding=\"async\" width=\"683\" height=\"1024\" src=\"https:\/\/www.hotelsudbretagne.fr\/wp-content\/uploads\/2024\/12\/17102024-517A7307-683x1024.jpg\" class=\"attachment-large size-large wp-image-3692\" alt=\"\" srcset=\"https:\/\/www.hotelsudbretagne.fr\/wp-content\/uploads\/2024\/12\/17102024-517A7307-683x1024.jpg 683w, https:\/\/www.hotelsudbretagne.fr\/wp-content\/uploads\/2024\/12\/17102024-517A7307-200x300.jpg 200w, https:\/\/www.hotelsudbretagne.fr\/wp-content\/uploads\/2024\/12\/17102024-517A7307-768x1152.jpg 768w, https:\/\/www.hotelsudbretagne.fr\/wp-content\/uploads\/2024\/12\/17102024-517A7307-1024x1536.jpg 1024w, https:\/\/www.hotelsudbretagne.fr\/wp-content\/uploads\/2024\/12\/17102024-517A7307-1365x2048.jpg 1365w, https:\/\/www.hotelsudbretagne.fr\/wp-content\/uploads\/2024\/12\/17102024-517A7307-8x12.jpg 8w, https:\/\/www.hotelsudbretagne.fr\/wp-content\/uploads\/2024\/12\/17102024-517A7307-scaled.jpg 1707w\" sizes=\"(max-width: 683px) 100vw, 683px\" title=\"\">\t\t\t\t\t\t\t\t\t\t\t\t\t\t\t<\/div>\n\t\t\t\t<\/div>\n\t\t\t\t<div class=\"elementor-element elementor-element-11f4b6e elementor-widget elementor-widget-text-editor\" data-id=\"11f4b6e\" data-element_type=\"widget\" data-e-type=\"widget\" data-widget_type=\"text-editor.default\">\n\t\t\t\t<div class=\"elementor-widget-container\">\n\t\t\t\t\t\t\t\t\t<h5>Apr\u00e8s plus d\u2019un si\u00e8cle \u00e0 la t\u00eate de cette <em>institution pornichetine<\/em>, la famille Bardouil nous confie les <em>cl\u00e9s.<\/em><\/h5>\t\t\t\t\t\t\t\t<\/div>\n\t\t\t\t<\/div>\n\t\t\t\t<\/div>\n\t\t\t\t<\/div>\n\t\t\t\t\t<\/div>\n\t\t\t\t<\/div>\n\t\t<div class=\"elementor-element elementor-element-de1d2f3 e-con-full e-flex e-con e-parent\" data-id=\"de1d2f3\" data-element_type=\"container\" data-e-type=\"container\" data-settings=\"{&quot;background_background&quot;:&quot;classic&quot;}\">\n\t\t\t\t<div class=\"elementor-element elementor-element-dc229d2 elementor-invisible elementor-widget elementor-widget-heading\" data-id=\"dc229d2\" data-element_type=\"widget\" data-e-type=\"widget\" data-settings=\"{&quot;_animation&quot;:&quot;fadeIn&quot;}\" data-widget_type=\"heading.default\">\n\t\t\t\t<div class=\"elementor-widget-container\">\n\t\t\t\t\t<h2 class=\"elementor-heading-title elementor-size-default\">Am\u00e9lie &amp; <i>Vincent<\/i><\/h2>\t\t\t\t<\/div>\n\t\t\t\t<\/div>\n\t\t\t\t<div class=\"elementor-element elementor-element-437b2c1 elementor-widget__width-initial elementor-invisible elementor-widget elementor-widget-text-editor\" data-id=\"437b2c1\" data-element_type=\"widget\" data-e-type=\"widget\" data-settings=\"{&quot;_animation&quot;:&quot;fadeIn&quot;}\" data-widget_type=\"text-editor.default\">\n\t\t\t\t<div class=\"elementor-widget-container\">\n\t\t\t\t\t\t\t\t\t<h6>Bretons d\u2019origine, la reprise du Sud Bretagne s\u2019est impos\u00e9e comme une \u00e9vidence lorsque nous avons pass\u00e9 les portes de cette grande maison familiale.\u00a0Nous avons donc pos\u00e9 nos valises en terre pornich\u00e9tine le 17 d\u00e9cembre 2022 avec nos filles, Romane et Ad\u00e8le.<br \/>Fils d\u2019ouvriers et fille d\u2019agriculteurs, nous aimons recevoir en toute simplicit\u00e9 et dans la convivialit\u00e9 dans ce lieu charg\u00e9 d\u2019histoire.\u00a0Propri\u00e9taires depuis peu de ce lieu plein de charme, nous avons \u00e0 c\u0153ur de faire vivre une exp\u00e9rience unique, ressour\u00e7ante et pleine d\u2019attentions \u00e0 nos h\u00f4tes.<br \/>Passionn\u00e9s de vieilles pierres, depuis notre arriv\u00e9e, nous nous attachons \u00e0 refaire une petite beaut\u00e9 \u00e0 notre cher h\u00f4tel, pi\u00e8ce apr\u00e8s pi\u00e8ce, \u00e9tage apr\u00e8s \u00e9tage afin de poursuivre l\u2019histoire.\u00a0Ce travail demande du temps et de l\u2019\u00e9nergie mais nous n\u2019avons qu\u2019un seul objectif, vous accueillir dans les meilleures conditions, le plus rapidement possible, dans un lieu qui nous ressemble.<\/h6>\t\t\t\t\t\t\t\t<\/div>\n\t\t\t\t<\/div>\n\t\t\t\t<\/div>\n\t\t<div class=\"elementor-element elementor-element-ad5b04d e-con-full e-flex e-con e-parent\" data-id=\"ad5b04d\" data-element_type=\"container\" data-e-type=\"container\">\n\t\t<div class=\"elementor-element elementor-element-9d7ace6 e-con-full e-flex e-con e-child\" data-id=\"9d7ace6\" data-element_type=\"container\" data-e-type=\"container\" data-settings=\"{&quot;background_background&quot;:&quot;classic&quot;}\">\n\t\t\t\t<div class=\"elementor-element elementor-element-323f5a0 elementor--h-position-left elementor--v-position-bottom elementor-widget elementor-widget-slides\" data-id=\"323f5a0\" data-element_type=\"widget\" data-e-type=\"widget\" data-settings=\"{&quot;navigation&quot;:&quot;none&quot;,&quot;autoplay&quot;:&quot;yes&quot;,&quot;pause_on_hover&quot;:&quot;yes&quot;,&quot;pause_on_interaction&quot;:&quot;yes&quot;,&quot;autoplay_speed&quot;:5000,&quot;infinite&quot;:&quot;yes&quot;,&quot;transition&quot;:&quot;slide&quot;,&quot;transition_speed&quot;:500}\" data-widget_type=\"slides.default\">\n\t\t\t\t<div class=\"elementor-widget-container\">\n\t\t\t\t\t\t\t\t\t<div class=\"elementor-swiper\">\n\t\t\t\t\t<div class=\"elementor-slides-wrapper elementor-main-swiper swiper\" role=\"region\" aria-roledescription=\"carousel\" aria-label=\"Diapositives\" dir=\"ltr\" data-animation=\"fadeInUp\">\n\t\t\t\t<div class=\"swiper-wrapper elementor-slides\">\n\t\t\t\t\t\t\t\t\t\t<div class=\"elementor-repeater-item-3ab0fe5 swiper-slide\" role=\"group\" aria-roledescription=\"slide\"><div class=\"swiper-slide-bg\"><\/div><a class=\"swiper-slide-inner\" href=\"https:\/\/www.hotelsudbretagne.fr\/en\/chambres\/\"><div class=\"swiper-slide-contents\"><div class=\"elementor-slide-heading\">Chambres<\/div><\/div><\/a><\/div>\t\t\t\t<\/div>\n\t\t\t\t\t\t\t<\/div>\n\t\t\t\t<\/div>\n\t\t\t\t\t\t\t\t<\/div>\n\t\t\t\t<\/div>\n\t\t\t\t<\/div>\n\t\t<div class=\"elementor-element elementor-element-d6d7cef e-con-full e-flex e-con e-child\" data-id=\"d6d7cef\" data-element_type=\"container\" data-e-type=\"container\" data-settings=\"{&quot;background_background&quot;:&quot;classic&quot;}\">\n\t\t\t\t<div class=\"elementor-element elementor-element-5315b76 elementor--h-position-left elementor--v-position-bottom elementor-widget elementor-widget-slides\" data-id=\"5315b76\" data-element_type=\"widget\" data-e-type=\"widget\" data-settings=\"{&quot;navigation&quot;:&quot;none&quot;,&quot;autoplay&quot;:&quot;yes&quot;,&quot;pause_on_hover&quot;:&quot;yes&quot;,&quot;pause_on_interaction&quot;:&quot;yes&quot;,&quot;autoplay_speed&quot;:5000,&quot;infinite&quot;:&quot;yes&quot;,&quot;transition&quot;:&quot;slide&quot;,&quot;transition_speed&quot;:500}\" data-widget_type=\"slides.default\">\n\t\t\t\t<div class=\"elementor-widget-container\">\n\t\t\t\t\t\t\t\t\t<div class=\"elementor-swiper\">\n\t\t\t\t\t<div class=\"elementor-slides-wrapper elementor-main-swiper swiper\" role=\"region\" aria-roledescription=\"carousel\" aria-label=\"Diapositives\" dir=\"ltr\" data-animation=\"fadeInUp\">\n\t\t\t\t<div class=\"swiper-wrapper elementor-slides\">\n\t\t\t\t\t\t\t\t\t\t<div class=\"elementor-repeater-item-3ab0fe5 swiper-slide\" role=\"group\" aria-roledescription=\"slide\"><div class=\"swiper-slide-bg\"><\/div><a class=\"swiper-slide-inner\" href=\"https:\/\/www.hotelsudbretagne.fr\/en\/seminaires\/\"><div class=\"swiper-slide-contents\"><div class=\"elementor-slide-heading\">S\u00e9minaires<\/div><\/div><\/a><\/div>\t\t\t\t<\/div>\n\t\t\t\t\t\t\t<\/div>\n\t\t\t\t<\/div>\n\t\t\t\t\t\t\t\t<\/div>\n\t\t\t\t<\/div>\n\t\t\t\t<\/div>\n\t\t<div class=\"elementor-element elementor-element-1699cb2 e-con-full e-flex e-con e-child\" data-id=\"1699cb2\" data-element_type=\"container\" data-e-type=\"container\" data-settings=\"{&quot;background_background&quot;:&quot;classic&quot;}\">\n\t\t\t\t<div class=\"elementor-element elementor-element-2141e4c elementor--h-position-left elementor--v-position-bottom elementor-widget elementor-widget-slides\" data-id=\"2141e4c\" data-element_type=\"widget\" data-e-type=\"widget\" data-settings=\"{&quot;navigation&quot;:&quot;none&quot;,&quot;autoplay&quot;:&quot;yes&quot;,&quot;pause_on_hover&quot;:&quot;yes&quot;,&quot;pause_on_interaction&quot;:&quot;yes&quot;,&quot;autoplay_speed&quot;:5000,&quot;infinite&quot;:&quot;yes&quot;,&quot;transition&quot;:&quot;slide&quot;,&quot;transition_speed&quot;:500}\" data-widget_type=\"slides.default\">\n\t\t\t\t<div class=\"elementor-widget-container\">\n\t\t\t\t\t\t\t\t\t<div class=\"elementor-swiper\">\n\t\t\t\t\t<div class=\"elementor-slides-wrapper elementor-main-swiper swiper\" role=\"region\" aria-roledescription=\"carousel\" aria-label=\"Diapositives\" dir=\"ltr\" data-animation=\"fadeInUp\">\n\t\t\t\t<div class=\"swiper-wrapper elementor-slides\">\n\t\t\t\t\t\t\t\t\t\t<div class=\"elementor-repeater-item-3ab0fe5 swiper-slide\" role=\"group\" aria-roledescription=\"slide\"><div class=\"swiper-slide-bg\"><\/div><a class=\"swiper-slide-inner\" href=\"https:\/\/www.hotelsudbretagne.fr\/en\/espace-detente\/\"><div class=\"swiper-slide-contents\"><div class=\"elementor-slide-heading\">Espace d\u00e9tente<\/div><\/div><\/a><\/div>\t\t\t\t<\/div>\n\t\t\t\t\t\t\t<\/div>\n\t\t\t\t<\/div>\n\t\t\t\t\t\t\t\t<\/div>\n\t\t\t\t<\/div>\n\t\t\t\t<\/div>\n\t\t\t\t<\/div>\n\t\t\t\t<\/div>\n\t\t","protected":false},"excerpt":{"rendered":"<p>H\u00f4tel en bord de mer \u00e0 la Baule L\u2019histoire atypique de l\u2019h\u00f4tel le plus vieux de Pornichet 1880 En 1880, l\u2019h\u00f4tel des Etrangers voit le jour. Avec des propri\u00e9taires diff\u00e9rents \u00e0 sa t\u00eate, au fil des ann\u00e9es, cet h\u00f4tel pr\u00e8s du bord de mer et de la Baule, va s\u2019agrandir permettant de recevoir une client\u00e8le [&hellip;]<\/p>\n","protected":false},"author":2,"featured_media":0,"parent":0,"menu_order":0,"comment_status":"closed","ping_status":"closed","template":"","meta":{"_acf_changed":false,"inline_featured_image":false,"footnotes":""},"class_list":["post-3426","page","type-page","status-publish","hentry"],"acf":[],"_links":{"self":[{"href":"https:\/\/www.hotelsudbretagne.fr\/en\/wp-json\/wp\/v2\/pages\/3426","targetHints":{"allow":["GET"]}}],"collection":[{"href":"https:\/\/www.hotelsudbretagne.fr\/en\/wp-json\/wp\/v2\/pages"}],"about":[{"href":"https:\/\/www.hotelsudbretagne.fr\/en\/wp-json\/wp\/v2\/types\/page"}],"author":[{"embeddable":true,"href":"https:\/\/www.hotelsudbretagne.fr\/en\/wp-json\/wp\/v2\/users\/2"}],"replies":[{"embeddable":true,"href":"https:\/\/www.hotelsudbretagne.fr\/en\/wp-json\/wp\/v2\/comments?post=3426"}],"version-history":[{"count":163,"href":"https:\/\/www.hotelsudbretagne.fr\/en\/wp-json\/wp\/v2\/pages\/3426\/revisions"}],"predecessor-version":[{"id":7188,"href":"https:\/\/www.hotelsudbretagne.fr\/en\/wp-json\/wp\/v2\/pages\/3426\/revisions\/7188"}],"wp:attachment":[{"href":"https:\/\/www.hotelsudbretagne.fr\/en\/wp-json\/wp\/v2\/media?parent=3426"}],"curies":[{"name":"wp","href":"https:\/\/api.w.org\/{rel}","templated":true}]}}