{"id":3273,"date":"2024-11-15T10:51:49","date_gmt":"2024-11-15T09:51:49","guid":{"rendered":"https:\/\/www.hotelsudbretagne.fr\/?page_id=3273"},"modified":"2026-02-19T09:43:34","modified_gmt":"2026-02-19T08:43:34","slug":"booking","status":"publish","type":"page","link":"https:\/\/www.hotelsudbretagne.fr\/en\/reservation\/","title":{"rendered":"Reservation"},"content":{"rendered":"\t\t<div data-elementor-type=\"wp-page\" data-elementor-id=\"3273\" class=\"elementor elementor-3273\" data-elementor-post-type=\"page\">\n\t\t\t\t<div class=\"elementor-element elementor-element-445dd7a e-con-full e-flex e-con e-parent\" data-id=\"445dd7a\" data-element_type=\"container\" data-e-type=\"container\" data-settings=\"{&quot;background_background&quot;:&quot;slideshow&quot;,&quot;background_slideshow_gallery&quot;:[{&quot;id&quot;:3849,&quot;url&quot;:&quot;https:\\\/\\\/www.hotelsudbretagne.fr\\\/wp-content\\\/uploads\\\/2024\\\/12\\\/17102024-517A8013-scaled.jpg&quot;},{&quot;id&quot;:3559,&quot;url&quot;:&quot;https:\\\/\\\/www.hotelsudbretagne.fr\\\/wp-content\\\/uploads\\\/2024\\\/12\\\/16102024-517A6466-scaled.jpg&quot;}],&quot;background_slideshow_ken_burns&quot;:&quot;yes&quot;,&quot;background_slideshow_loop&quot;:&quot;yes&quot;,&quot;background_slideshow_slide_duration&quot;:5000,&quot;background_slideshow_slide_transition&quot;:&quot;fade&quot;,&quot;background_slideshow_transition_duration&quot;:500,&quot;background_slideshow_ken_burns_zoom_direction&quot;:&quot;in&quot;}\">\n\t\t\t\t<div class=\"elementor-element elementor-element-6400314 elementor-widget elementor-widget-text-editor\" data-id=\"6400314\" data-element_type=\"widget\" data-e-type=\"widget\" data-widget_type=\"text-editor.default\">\n\t\t\t\t<div class=\"elementor-widget-container\">\n\t\t\t\t\t\t\t\t\t<p>Prolongez votre escapade et laissez-vous porter\u2026<\/p><p><strong>Pour tout s\u00e9jour de 3 nuits minimum, b\u00e9n\u00e9ficiez de \u20135 % suppl\u00e9mentaires sur votre r\u00e9servation.<\/strong><\/p><p>Une belle occasion de prendre le temps de profiter pleinement de notre h\u00f4tel de charme, de vous d\u00e9tendre et de savourer chaque instant, tout en profitant d\u2019un avantage exclusif.<\/p>\t\t\t\t\t\t\t\t<\/div>\n\t\t\t\t<\/div>\n\t\t\t\t<\/div>\n\t\t<div class=\"elementor-element elementor-element-bcadde7 e-con-full e-flex e-con e-parent\" data-id=\"bcadde7\" data-element_type=\"container\" data-e-type=\"container\" data-no-translation=\"\">\n\t\t\t\t<div class=\"elementor-element elementor-element-2ef6da2 elementor-widget elementor-widget-html\" data-id=\"2ef6da2\" data-element_type=\"widget\" data-e-type=\"widget\" data-widget_type=\"html.default\">\n\t\t\t\t<div class=\"elementor-widget-container\">\n\t\t\t\t\t<iframe style=\"overflow: hidden; height: 800px; width: 100%; position: relative;\" src=\"https:\/\/sudbretagne.thais-hotel.com\/hotel\/website\/reservations.php?&topHeader=false&lang=en\"><\/iframe>\t\t\t\t<\/div>\n\t\t\t\t<\/div>\n\t\t\t\t<\/div>\n\t\t<div class=\"elementor-element elementor-element-d0863d4 e-flex e-con-boxed e-con e-parent\" data-id=\"d0863d4\" data-element_type=\"container\" data-e-type=\"container\" data-settings=\"{&quot;background_background&quot;:&quot;classic&quot;}\">\n\t\t\t\t\t<div class=\"e-con-inner\">\n\t\t\t\t<div class=\"elementor-element elementor-element-d4fe2cc elementor-widget elementor-widget-heading\" data-id=\"d4fe2cc\" data-element_type=\"widget\" data-e-type=\"widget\" data-widget_type=\"heading.default\">\n\t\t\t\t<div class=\"elementor-widget-container\">\n\t\t\t\t\t<h2 class=\"elementor-heading-title elementor-size-default\">En r\u00e9servant votre s\u00e9jour <i>en direct<\/i>, b\u00e9n\u00e9ficiez du meilleur tarif garanti<\/h2>\t\t\t\t<\/div>\n\t\t\t\t<\/div>\n\t\t\t\t<div class=\"elementor-element elementor-element-ff7b7f8 elementor-widget elementor-widget-image\" data-id=\"ff7b7f8\" data-element_type=\"widget\" data-e-type=\"widget\" data-widget_type=\"image.default\">\n\t\t\t\t<div class=\"elementor-widget-container\">\n\t\t\t\t\t\t\t\t\t\t\t\t\t\t\t<img fetchpriority=\"high\" decoding=\"async\" width=\"800\" height=\"800\" src=\"https:\/\/www.hotelsudbretagne.fr\/wp-content\/uploads\/2024\/12\/HotelSudBretagne_IconeD-1024x1024.png\" class=\"attachment-large size-large wp-image-3494\" alt=\"\" srcset=\"https:\/\/www.hotelsudbretagne.fr\/wp-content\/uploads\/2024\/12\/HotelSudBretagne_IconeD-1024x1024.png 1024w, https:\/\/www.hotelsudbretagne.fr\/wp-content\/uploads\/2024\/12\/HotelSudBretagne_IconeD-300x300.png 300w, https:\/\/www.hotelsudbretagne.fr\/wp-content\/uploads\/2024\/12\/HotelSudBretagne_IconeD-150x150.png 150w, https:\/\/www.hotelsudbretagne.fr\/wp-content\/uploads\/2024\/12\/HotelSudBretagne_IconeD-768x768.png 768w, https:\/\/www.hotelsudbretagne.fr\/wp-content\/uploads\/2024\/12\/HotelSudBretagne_IconeD-12x12.png 12w, https:\/\/www.hotelsudbretagne.fr\/wp-content\/uploads\/2024\/12\/HotelSudBretagne_IconeD.png 1181w\" sizes=\"(max-width: 800px) 100vw, 800px\" title=\"\">\t\t\t\t\t\t\t\t\t\t\t\t\t\t\t<\/div>\n\t\t\t\t<\/div>\n\t\t\t\t<div class=\"elementor-element elementor-element-940d36d elementor-widget elementor-widget-text-editor\" data-id=\"940d36d\" data-element_type=\"widget\" data-e-type=\"widget\" data-widget_type=\"text-editor.default\">\n\t\t\t\t<div class=\"elementor-widget-container\">\n\t\t\t\t\t\t\t\t\t<p>On s&rsquo;occupe de vous on s\u2019occupe de tout.<\/p><p>\u00a0<\/p><p><strong>Lorsque vous r\u00e9servez en direct vous confiez \u00e0 l\u2019h\u00f4tel l\u2019int\u00e9gralit\u00e9 de votre r\u00e9servation. <em>C\u2019est l\u2019occasion<\/em>\u00a0d\u2019\u00e9conomiser les frais de\u00a0commission et d\u2019\u00eatre pris en charge personnellement.<\/strong><\/p><p>\u00a0<\/p><p><strong>C\u2019est pourquoi au SUD BRETAGNE lorsque vous\u00a0r\u00e9servez en direct nos tarifs sont moins chers et notre attention totale.<\/strong><\/p><p>\u00a0<\/p>\t\t\t\t\t\t\t\t<\/div>\n\t\t\t\t<\/div>\n\t\t\t\t<div class=\"elementor-element elementor-element-98d7799 elementor-widget elementor-widget-heading\" data-id=\"98d7799\" data-element_type=\"widget\" data-e-type=\"widget\" data-widget_type=\"heading.default\">\n\t\t\t\t<div class=\"elementor-widget-container\">\n\t\t\t\t\t<h2 class=\"elementor-heading-title elementor-size-default\">Soyez <i>malin\/e<\/i>\n\n<\/h2>\t\t\t\t<\/div>\n\t\t\t\t<\/div>\n\t\t\t\t<div class=\"elementor-element elementor-element-324e1b3 elementor-widget elementor-widget-text-editor\" data-id=\"324e1b3\" data-element_type=\"widget\" data-e-type=\"widget\" data-widget_type=\"text-editor.default\">\n\t\t\t\t<div class=\"elementor-widget-container\">\n\t\t\t\t\t\t\t\t\t<p>3 mani\u00e8res de r\u00e9server moins cher :<\/p><p><strong><a href=\"https:\/\/www.hotelsudbretagne.fr\/reservation\/\">Ici<\/a> en ligne<\/strong> sur notre site<\/p><p><strong>par t\u00e9l\u00e9phone<\/strong> au <a href=\"tel:02.40.11.65.00\">02.40.11.65.00<\/a><\/p><p><strong>par mail<\/strong> au <a href=\"mailto:contact@hotelsudbretagne.fr\">contact@hotelsudbretagne.fr<\/a><\/p>\t\t\t\t\t\t\t\t<\/div>\n\t\t\t\t<\/div>\n\t\t\t\t\t<\/div>\n\t\t\t\t<\/div>\n\t\t\t\t<\/div>\n\t\t","protected":false},"excerpt":{"rendered":"<p>Prolongez votre escapade et laissez-vous porter\u2026 Pour tout s\u00e9jour de 3 nuits minimum, b\u00e9n\u00e9ficiez de \u20135 % suppl\u00e9mentaires sur votre r\u00e9servation. Une belle occasion de prendre le temps de profiter pleinement de notre h\u00f4tel de charme, de vous d\u00e9tendre et de savourer chaque instant, tout en profitant d\u2019un avantage exclusif. En r\u00e9servant votre s\u00e9jour en [&hellip;]<\/p>\n","protected":false},"author":11,"featured_media":0,"parent":0,"menu_order":0,"comment_status":"closed","ping_status":"closed","template":"","meta":{"_acf_changed":false,"inline_featured_image":false,"footnotes":""},"class_list":["post-3273","page","type-page","status-publish","hentry"],"acf":[],"_links":{"self":[{"href":"https:\/\/www.hotelsudbretagne.fr\/en\/wp-json\/wp\/v2\/pages\/3273","targetHints":{"allow":["GET"]}}],"collection":[{"href":"https:\/\/www.hotelsudbretagne.fr\/en\/wp-json\/wp\/v2\/pages"}],"about":[{"href":"https:\/\/www.hotelsudbretagne.fr\/en\/wp-json\/wp\/v2\/types\/page"}],"author":[{"embeddable":true,"href":"https:\/\/www.hotelsudbretagne.fr\/en\/wp-json\/wp\/v2\/users\/11"}],"replies":[{"embeddable":true,"href":"https:\/\/www.hotelsudbretagne.fr\/en\/wp-json\/wp\/v2\/comments?post=3273"}],"version-history":[{"count":94,"href":"https:\/\/www.hotelsudbretagne.fr\/en\/wp-json\/wp\/v2\/pages\/3273\/revisions"}],"predecessor-version":[{"id":7323,"href":"https:\/\/www.hotelsudbretagne.fr\/en\/wp-json\/wp\/v2\/pages\/3273\/revisions\/7323"}],"wp:attachment":[{"href":"https:\/\/www.hotelsudbretagne.fr\/en\/wp-json\/wp\/v2\/media?parent=3273"}],"curies":[{"name":"wp","href":"https:\/\/api.w.org\/{rel}","templated":true}]}}